{"id":103310,"date":"2026-03-03T10:39:13","date_gmt":"2026-03-03T08:39:13","guid":{"rendered":"https:\/\/niemcowork.fi\/?page_id=103310"},"modified":"2026-03-05T14:42:56","modified_gmt":"2026-03-05T12:42:56","slug":"frontpage","status":"publish","type":"page","link":"https:\/\/niemcowork.fi\/en\/","title":{"rendered":"Frontpage"},"content":{"rendered":"<div class=\"wpb-content-wrapper\"><p>[vc_row row_height_percent=&#8221;60&#8243; back_image=&#8221;102453&#8243; back_position=&#8221;center top&#8221; overlay_color=&#8221;color-xsdn&#8221; overlay_alpha=&#8221;50&#8243; gutter_size=&#8221;3&#8243; column_width_percent=&#8221;100&#8243; shift_y=&#8221;0&#8243; z_index=&#8221;0&#8243; content_parallax=&#8221;0&#8243; uncode_shortcode_id=&#8221;129126&#8243; overlay_color_type=&#8221;uncode-palette&#8221;][vc_column width=&#8221;1\/1&#8243;][vc_custom_heading text_color=&#8221;color-jevc&#8221; heading_semantic=&#8221;h1&#8243; text_size=&#8221;h1&#8243; sub_lead=&#8221;yes&#8221; uncode_shortcode_id=&#8221;478717&#8243; text_color_type=&#8221;uncode-palette&#8221;][\/vc_custom_heading][vc_empty_space empty_h=&#8221;5&#8243;][uncode_vertical_text layout=&#8221;horizontal&#8221; horizontal_text_v_pos=&#8221;0&#8243; z_index=&#8221;0&#8243; text_color=&#8221;color-jevc&#8221; uncode_shortcode_id=&#8221;150444&#8243; text_color_type=&#8221;uncode-palette&#8221;]<\/p>\n<h1><\/h1>\n<h1><\/h1>\n<h1 style=\"text-align: center;\"><span class=\"font-552942\">Our office hotel offers flexible space solutions for your business <\/span><\/h1>\n<p>[\/uncode_vertical_text][\/vc_column][\/vc_row][vc_row][vc_column width=&#8221;1\/2&#8243;][vc_single_image media=&#8221;102147&#8243; media_width_percent=&#8221;100&#8243; uncode_shortcode_id=&#8221;327721&#8243;][\/vc_column][vc_column width=&#8221;1\/2&#8243;][vc_custom_heading uncode_shortcode_id=&#8221;134776&#8243;]<span class=\"font-552942\">Kutomo Business Park<\/span>[\/vc_custom_heading][vc_column_text uncode_shortcode_id=&#8221;406639&#8243;]<span class=\"font-552942\">Kutomo Business Park is located right next to Tali Sports Park. Pit\u00e4j\u00e4nm\u00e4ki is centrally located whether you come from Helsinki, Espoo or Vantaa, offering a great price-quality ratio of the offices. The Jokeri Light Rail will also be completed next to Kutomo Business Park, which will improve possibilities to travel even more. Kutomo\u2019s extensive facilities include lobby service, meeting rooms, a restaurant, representative sauna facilities, and a well-equipped gym.<\/span>[\/vc_column_text][vc_button button_color=&#8221;color-jevc&#8221; border_width=&#8221;0&#8243; link=&#8221;url:https%3A%2F%2Ftoimitilat.kauppalehti.fi%2FDescription%2F248015341%3FShowInactive%3DTrue|target:_blank&#8221; button_color_type=&#8221;uncode-palette&#8221; uncode_shortcode_id=&#8221;183002&#8243;]Free Spaces [\/vc_button][\/vc_column][\/vc_row][vc_row][vc_column width=&#8221;1\/1&#8243;][vc_separator sep_color=&#8221;color-jevc&#8221; uncode_shortcode_id=&#8221;764647&#8243; sep_color_type=&#8221;uncode-palette&#8221;][\/vc_column][\/vc_row][vc_row][vc_column width=&#8221;1\/2&#8243;][vc_custom_heading uncode_shortcode_id=&#8221;182616&#8243;]<span class=\"font-552942\">Konala<\/span>[\/vc_custom_heading][vc_column_text uncode_shortcode_id=&#8221;366169&#8243;]<span class=\"font-552942\">ooking for a new office space that offers more than just walls?<br \/>\nIn our newly renovated office hotel, you can rent modern office space from 10 m\u00b2 up to 44 m\u00b2.<br \/>\nWe are located in an excellent location, just off Vihdintie, with easy access to Ring I, Ring III and Helsinki-Vantaa Airport. <\/span>[\/vc_column_text][vc_button button_color=&#8221;color-jevc&#8221; border_width=&#8221;0&#8243; link=&#8221;url:https%3A%2F%2Ftoimitilat.kauppalehti.fi%2FDescription%2F248005043%3FShowInactive%3DTrue|target:_blank&#8221; button_color_type=&#8221;uncode-palette&#8221; uncode_shortcode_id=&#8221;138835&#8243;]Free Spaces[\/vc_button][\/vc_column][vc_column width=&#8221;1\/2&#8243;][vc_single_image media=&#8221;102609&#8243; media_width_percent=&#8221;100&#8243; uncode_shortcode_id=&#8221;135472&#8243;][\/vc_column][\/vc_row][vc_row][vc_column width=&#8221;1\/1&#8243;][vc_separator sep_color=&#8221;color-jevc&#8221; uncode_shortcode_id=&#8221;517808&#8243; sep_color_type=&#8221;uncode-palette&#8221;][\/vc_column][\/vc_row][vc_row][vc_column width=&#8221;1\/2&#8243;][vc_single_image media=&#8221;102834&#8243; media_width_percent=&#8221;100&#8243; uncode_shortcode_id=&#8221;361879&#8243;][\/vc_column][vc_column width=&#8221;1\/2&#8243;][vc_custom_heading text_color=&#8221;color-jevc&#8221; uncode_shortcode_id=&#8221;464444&#8243; text_color_type=&#8221;uncode-palette&#8221;]<span class=\"font-552942\">Karaportti 5 <\/span>[\/vc_custom_heading][vc_column_text uncode_shortcode_id=&#8221;762954&#8243;]<span class=\"font-552942\">Kara 5 NIEMCOWORK Office Hotel offers companies a flexible working environment in the Karaportti area of Espoo. The office hotel combines modern design, high-quality services, and functional space solutions that meet the needs of both small and large businesses. Flexible lease agreements allow companies to grow and develop without long-term commitments. The office hotel is the perfect choice for businesses that value a high-quality work environment and professional services. <\/span>[\/vc_column_text][vc_button button_color=&#8221;color-jevc&#8221; border_width=&#8221;0&#8243; link=&#8221;url:https%3A%2F%2Ftoimitilat.kauppalehti.fi%2FDescription%2F248027312%3FShowInactive%3DTrue|target:_blank&#8221; button_color_type=&#8221;uncode-palette&#8221; uncode_shortcode_id=&#8221;196744&#8243;]Free Spaces [\/vc_button][\/vc_column][\/vc_row][vc_row][vc_column width=&#8221;1\/1&#8243;][vc_separator sep_color=&#8221;color-jevc&#8221; uncode_shortcode_id=&#8221;682969&#8243; sep_color_type=&#8221;uncode-palette&#8221;][\/vc_column][\/vc_row][vc_row][vc_column width=&#8221;1\/2&#8243;][vc_custom_heading uncode_shortcode_id=&#8221;601041&#8243;]<span class=\"font-552942\">Mannerheimintie 103A<\/span>[\/vc_custom_heading][vc_column_text uncode_shortcode_id=&#8221;137998&#8243;]<span class=\"font-552942\">Mannerheimintie 103 A offers an inspiring working environment in a prime location in Helsinki\u2019s busiest business district. In addition to excellent transport connections, the property provides all the essential everyday services under one roof.<br \/>\nAvailable amenities include a high-quality lunch restaurant, versatile street-level meeting facilities, representative spaces and sauna facilities, as well as a gym.<br \/>\nThe property serves as the headquarters of NCC, and office space has not previously been available for rent\u2014making this a truly unique opportunity. <\/span>[\/vc_column_text][vc_button button_color=&#8221;color-jevc&#8221; border_width=&#8221;0&#8243; button_color_type=&#8221;uncode-palette&#8221; uncode_shortcode_id=&#8221;178309&#8243; link=&#8221;url:https%3A%2F%2Ftoimitilat.kauppalehti.fi%2FDescription%2F248021374%3FShowInactive%3DTrue|target:_blank&#8221;]Free Spaces[\/vc_button][\/vc_column][vc_column width=&#8221;1\/2&#8243;][vc_single_image media=&#8221;102762&#8243; media_width_percent=&#8221;100&#8243; uncode_shortcode_id=&#8221;209665&#8243;][\/vc_column][\/vc_row][vc_row][vc_column width=&#8221;1\/1&#8243;][vc_separator sep_color=&#8221;color-jevc&#8221; uncode_shortcode_id=&#8221;682969&#8243; sep_color_type=&#8221;uncode-palette&#8221;][\/vc_column][\/vc_row][vc_row][vc_column width=&#8221;1\/2&#8243;][vc_single_image media=&#8221;101088&#8243; media_width_percent=&#8221;100&#8243; uncode_shortcode_id=&#8221;113459&#8243;][\/vc_column][vc_column width=&#8221;1\/2&#8243;][vc_custom_heading text_color=&#8221;color-jevc&#8221; uncode_shortcode_id=&#8221;211372&#8243; text_color_type=&#8221;uncode-palette&#8221;]<span class=\"font-552942\">Quartetto<\/span>[\/vc_custom_heading][vc_column_text uncode_shortcode_id=&#8221;289647&#8243;]<span class=\"font-552942\">Quartetto offers modern premises in an excellent location with convenient transport connections. The property is easily accessible by both public transportation and car.<br \/>\nWe provide contemporary and functional office spaces designed to meet the needs of today\u2019s working environment. Our extensive range of services ensures that working at the office is smooth and effortless.<br \/>\nThe building also features a lunch restaurant and a gym. <\/span>[\/vc_column_text][vc_button button_color=&#8221;color-jevc&#8221; border_width=&#8221;0&#8243; link=&#8221;url:https%3A%2F%2Ftoimitilat.kauppalehti.fi%2FDescription%2F218004134%3FShowInactive%3DTrue|target:_blank&#8221; uncode_shortcode_id=&#8221;928151&#8243; button_color_type=&#8221;uncode-palette&#8221;]Free Spaces[\/vc_button][\/vc_column][\/vc_row][vc_row][vc_column width=&#8221;1\/1&#8243;][vc_separator sep_color=&#8221;color-jevc&#8221; uncode_shortcode_id=&#8221;142223&#8243; sep_color_type=&#8221;uncode-palette&#8221;][\/vc_column][\/vc_row][vc_row][vc_column width=&#8221;1\/2&#8243;][vc_custom_heading uncode_shortcode_id=&#8221;165036&#8243;]<span class=\"font-552942\">Westend<\/span>[\/vc_custom_heading][vc_column_text uncode_shortcode_id=&#8221;596433&#8243;]<span class=\"font-552942\">asily accessible NIEMCOWORK Office Hotel located in the Westend area, right next to L\u00e4nsiv\u00e4yl\u00e4. This prime location offers your company excellent transport connections and outstanding visibility.<br \/>\nThe property is designed to meet the needs of modern business by providing high-quality and versatile small office spaces. <\/span>[\/vc_column_text][vc_button button_color=&#8221;color-jevc&#8221; border_width=&#8221;0&#8243; link=&#8221;url:https%3A%2F%2Ftoimitilat.kauppalehti.fi%2FDescription%2F248009674%3FShowInactive%3DTrue|target:_blank&#8221; button_color_type=&#8221;uncode-palette&#8221; uncode_shortcode_id=&#8221;116239&#8243;]Free Spaces[\/vc_button][\/vc_column][vc_column width=&#8221;1\/2&#8243;][vc_single_image media=&#8221;102546&#8243; media_width_percent=&#8221;100&#8243; uncode_shortcode_id=&#8221;120315&#8243;][\/vc_column][\/vc_row][vc_row][vc_column width=&#8221;1\/1&#8243;][vc_separator sep_color=&#8221;color-jevc&#8221; uncode_shortcode_id=&#8221;142223&#8243; sep_color_type=&#8221;uncode-palette&#8221;][\/vc_column][\/vc_row][vc_row][vc_column width=&#8221;1\/2&#8243;][vc_single_image media=&#8221;103290&#8243; media_width_percent=&#8221;100&#8243; uncode_shortcode_id=&#8221;664842&#8243;][\/vc_column][vc_column width=&#8221;1\/2&#8243;][vc_custom_heading uncode_shortcode_id=&#8221;212021&#8243;]<span class=\"font-552942\">H\u00e4meentie 29<\/span>[\/vc_custom_heading][vc_column_text uncode_shortcode_id=&#8221;164789&#8243;]<span class=\"font-552942\">H\u00e4meentie 29 is located in a central location right on top of the S\u00f6rn\u00e4inen metro station. Clients at H\u00e4meentie are served by nearby caf\u00e9s, restaurants, and a wide range of other local services. In addition, the NIEMCOWORK Office Hotel offers small office spaces \u2014 even fully furnished and ready for immediate use. <\/span>[\/vc_column_text][vc_button button_color=&#8221;color-jevc&#8221; border_width=&#8221;0&#8243; link=&#8221;url:https%3A%2F%2Ftoimitilat.kauppalehti.fi%2FDescription%2F228014026%3FShowInactive%3DTrue|target:_blank&#8221; button_color_type=&#8221;uncode-palette&#8221; uncode_shortcode_id=&#8221;205809&#8243;]Free Spaces[\/vc_button][\/vc_column][\/vc_row][vc_row][vc_column width=&#8221;1\/1&#8243;][vc_separator sep_color=&#8221;color-jevc&#8221; uncode_shortcode_id=&#8221;142223&#8243; sep_color_type=&#8221;uncode-palette&#8221;][vc_custom_heading text_color=&#8221;color-jevc&#8221; uncode_shortcode_id=&#8221;404224&#8243; text_color_type=&#8221;uncode-palette&#8221;]<span class=\"font-552942\">View our location on the map<\/span>[\/vc_custom_heading][vc_raw_html]JTVCYWR2YW5jZWRfbWFwJTIwem9vbSUzRCUyMjExJTIyJTIwZGlzcGxheSUzRCUyMnNpbXBsZSUyMiU1RA==[\/vc_raw_html][\/vc_column][\/vc_row]<\/p>\n<\/div>","protected":false},"excerpt":{"rendered":"<p>[vc_row row_height_percent=&#8221;60&#8243; back_image=&#8221;102453&#8243; back_position=&#8221;center top&#8221; overlay_color=&#8221;color-xsdn&#8221; overlay_alpha=&#8221;50&#8243; gutter_size=&#8221;3&#8243; column_width_percent=&#8221;100&#8243; shift_y=&#8221;0&#8243; z_index=&#8221;0&#8243; content_parallax=&#8221;0&#8243; uncode_shortcode_id=&#8221;129126&#8243; overlay_color_type=&#8221;uncode-palette&#8221;][vc_column width=&#8221;1\/1&#8243;][vc_custom_heading text_color=&#8221;color-jevc&#8221; heading_semantic=&#8221;h1&#8243; text_size=&#8221;h1&#8243; sub_lead=&#8221;yes&#8221; uncode_shortcode_id=&#8221;478717&#8243;&#8230;<a href=\"https:\/\/niemcowork.fi\/en\/\" class=\"epl-more-link\">Read More&rarr;<\/a><\/p>\n","protected":false},"author":3,"featured_media":0,"parent":0,"menu_order":0,"comment_status":"closed","ping_status":"closed","template":"","meta":{"footnotes":""},"class_list":["post-103310","page","type-page","status-publish","hentry","page_category-classic-en"],"yoast_head":"<!-- This site is optimized with the Yoast SEO Premium plugin v23.8 (Yoast SEO v27.4) - https:\/\/yoast.com\/product\/yoast-seo-premium-wordpress\/ -->\n<title>Frontpage - niemcowork.fi<\/title>\n<meta name=\"robots\" content=\"index, follow, max-snippet:-1, max-image-preview:large, max-video-preview:-1\" \/>\n<link rel=\"canonical\" href=\"https:\/\/niemcowork.fi\/en\/\" \/>\n<meta property=\"og:locale\" content=\"en_US\" \/>\n<meta property=\"og:type\" content=\"article\" \/>\n<meta property=\"og:title\" content=\"Frontpage\" \/>\n<meta property=\"og:description\" content=\"[vc_row row_height_percent=&#8221;60&#8243; back_image=&#8221;102453&#8243; back_position=&#8221;center top&#8221; overlay_color=&#8221;color-xsdn&#8221; overlay_alpha=&#8221;50&#8243; gutter_size=&#8221;3&#8243; column_width_percent=&#8221;100&#8243; shift_y=&#8221;0&#8243; z_index=&#8221;0&#8243; content_parallax=&#8221;0&#8243; uncode_shortcode_id=&#8221;129126&#8243; overlay_color_type=&#8221;uncode-palette&#8221;][vc_column width=&#8221;1\/1&#8243;][vc_custom_heading text_color=&#8221;color-jevc&#8221; heading_semantic=&#8221;h1&#8243; text_size=&#8221;h1&#8243; sub_lead=&#8221;yes&#8221; uncode_shortcode_id=&#8221;478717&#8243;...Read More&rarr;\" \/>\n<meta property=\"og:url\" content=\"https:\/\/niemcowork.fi\/en\/\" \/>\n<meta property=\"og:site_name\" content=\"niemcowork.fi\" \/>\n<meta property=\"article:modified_time\" content=\"2026-03-05T12:42:56+00:00\" \/>\n<meta name=\"twitter:card\" content=\"summary_large_image\" \/>\n<meta name=\"twitter:label1\" content=\"Est. reading time\" \/>\n\t<meta name=\"twitter:data1\" content=\"4 minutes\" \/>\n<script type=\"application\/ld+json\" class=\"yoast-schema-graph\">{\"@context\":\"https:\\\/\\\/schema.org\",\"@graph\":[{\"@type\":\"WebPage\",\"@id\":\"https:\\\/\\\/niemcowork.fi\\\/en\\\/\",\"url\":\"https:\\\/\\\/niemcowork.fi\\\/en\\\/\",\"name\":\"Frontpage - niemcowork.fi\",\"isPartOf\":{\"@id\":\"https:\\\/\\\/niemcowork.fi\\\/#website\"},\"datePublished\":\"2026-03-03T08:39:13+00:00\",\"dateModified\":\"2026-03-05T12:42:56+00:00\",\"breadcrumb\":{\"@id\":\"https:\\\/\\\/niemcowork.fi\\\/en\\\/#breadcrumb\"},\"inLanguage\":\"en-US\",\"potentialAction\":[{\"@type\":\"ReadAction\",\"target\":[\"https:\\\/\\\/niemcowork.fi\\\/en\\\/\"]}]},{\"@type\":\"BreadcrumbList\",\"@id\":\"https:\\\/\\\/niemcowork.fi\\\/en\\\/#breadcrumb\",\"itemListElement\":[{\"@type\":\"ListItem\",\"position\":1,\"name\":\"Home\",\"item\":\"https:\\\/\\\/niemcowork.fi\\\/en\\\/\"},{\"@type\":\"ListItem\",\"position\":2,\"name\":\"Frontpage\"}]},{\"@type\":\"WebSite\",\"@id\":\"https:\\\/\\\/niemcowork.fi\\\/#website\",\"url\":\"https:\\\/\\\/niemcowork.fi\\\/\",\"name\":\"niemcowork.fi\",\"description\":\"Space for success\",\"potentialAction\":[{\"@type\":\"SearchAction\",\"target\":{\"@type\":\"EntryPoint\",\"urlTemplate\":\"https:\\\/\\\/niemcowork.fi\\\/?s={search_term_string}\"},\"query-input\":{\"@type\":\"PropertyValueSpecification\",\"valueRequired\":true,\"valueName\":\"search_term_string\"}}],\"inLanguage\":\"en-US\"}]}<\/script>\n<!-- \/ Yoast SEO Premium plugin. -->","yoast_head_json":{"title":"Frontpage - niemcowork.fi","robots":{"index":"index","follow":"follow","max-snippet":"max-snippet:-1","max-image-preview":"max-image-preview:large","max-video-preview":"max-video-preview:-1"},"canonical":"https:\/\/niemcowork.fi\/en\/","og_locale":"en_US","og_type":"article","og_title":"Frontpage","og_description":"[vc_row row_height_percent=&#8221;60&#8243; back_image=&#8221;102453&#8243; back_position=&#8221;center top&#8221; overlay_color=&#8221;color-xsdn&#8221; overlay_alpha=&#8221;50&#8243; gutter_size=&#8221;3&#8243; column_width_percent=&#8221;100&#8243; shift_y=&#8221;0&#8243; z_index=&#8221;0&#8243; content_parallax=&#8221;0&#8243; uncode_shortcode_id=&#8221;129126&#8243; overlay_color_type=&#8221;uncode-palette&#8221;][vc_column width=&#8221;1\/1&#8243;][vc_custom_heading text_color=&#8221;color-jevc&#8221; heading_semantic=&#8221;h1&#8243; text_size=&#8221;h1&#8243; sub_lead=&#8221;yes&#8221; uncode_shortcode_id=&#8221;478717&#8243;...Read More&rarr;","og_url":"https:\/\/niemcowork.fi\/en\/","og_site_name":"niemcowork.fi","article_modified_time":"2026-03-05T12:42:56+00:00","twitter_card":"summary_large_image","twitter_misc":{"Est. reading time":"4 minutes"},"schema":{"@context":"https:\/\/schema.org","@graph":[{"@type":"WebPage","@id":"https:\/\/niemcowork.fi\/en\/","url":"https:\/\/niemcowork.fi\/en\/","name":"Frontpage - niemcowork.fi","isPartOf":{"@id":"https:\/\/niemcowork.fi\/#website"},"datePublished":"2026-03-03T08:39:13+00:00","dateModified":"2026-03-05T12:42:56+00:00","breadcrumb":{"@id":"https:\/\/niemcowork.fi\/en\/#breadcrumb"},"inLanguage":"en-US","potentialAction":[{"@type":"ReadAction","target":["https:\/\/niemcowork.fi\/en\/"]}]},{"@type":"BreadcrumbList","@id":"https:\/\/niemcowork.fi\/en\/#breadcrumb","itemListElement":[{"@type":"ListItem","position":1,"name":"Home","item":"https:\/\/niemcowork.fi\/en\/"},{"@type":"ListItem","position":2,"name":"Frontpage"}]},{"@type":"WebSite","@id":"https:\/\/niemcowork.fi\/#website","url":"https:\/\/niemcowork.fi\/","name":"niemcowork.fi","description":"Space for success","potentialAction":[{"@type":"SearchAction","target":{"@type":"EntryPoint","urlTemplate":"https:\/\/niemcowork.fi\/?s={search_term_string}"},"query-input":{"@type":"PropertyValueSpecification","valueRequired":true,"valueName":"search_term_string"}}],"inLanguage":"en-US"}]}},"_links":{"self":[{"href":"https:\/\/niemcowork.fi\/en\/wp-json\/wp\/v2\/pages\/103310","targetHints":{"allow":["GET"]}}],"collection":[{"href":"https:\/\/niemcowork.fi\/en\/wp-json\/wp\/v2\/pages"}],"about":[{"href":"https:\/\/niemcowork.fi\/en\/wp-json\/wp\/v2\/types\/page"}],"author":[{"embeddable":true,"href":"https:\/\/niemcowork.fi\/en\/wp-json\/wp\/v2\/users\/3"}],"replies":[{"embeddable":true,"href":"https:\/\/niemcowork.fi\/en\/wp-json\/wp\/v2\/comments?post=103310"}],"version-history":[{"count":8,"href":"https:\/\/niemcowork.fi\/en\/wp-json\/wp\/v2\/pages\/103310\/revisions"}],"predecessor-version":[{"id":103322,"href":"https:\/\/niemcowork.fi\/en\/wp-json\/wp\/v2\/pages\/103310\/revisions\/103322"}],"wp:attachment":[{"href":"https:\/\/niemcowork.fi\/en\/wp-json\/wp\/v2\/media?parent=103310"}],"curies":[{"name":"wp","href":"https:\/\/api.w.org\/{rel}","templated":true}]}}