{"id":102750,"date":"2014-11-04T10:47:14","date_gmt":"2014-11-04T08:47:14","guid":{"rendered":"https:\/\/niemcowork.fi\/?page_id=102750"},"modified":"2026-02-09T09:54:44","modified_gmt":"2026-02-09T07:54:44","slug":"mannerheimintie103","status":"publish","type":"page","link":"https:\/\/niemcowork.fi\/en\/mannerheimintie103\/","title":{"rendered":"Office hotel  <br \/> Mannerheimintie 103"},"content":{"rendered":"<div class=\"wpb-content-wrapper\"><p>[vc_row unlock_row_content=&#8221;yes&#8221; row_height_percent=&#8221;35&#8243; back_image=&#8221;102744&#8243; overlay_color=&#8221;color-jevc&#8221; overlay_alpha=&#8221;27&#8243; gutter_size=&#8221;3&#8243; column_width_percent=&#8221;100&#8243; shift_y=&#8221;0&#8243; z_index=&#8221;0&#8243; uncode_shortcode_id=&#8221;191140&#8243; overlay_color_type=&#8221;uncode-palette&#8221;][vc_column column_width_percent=&#8221;100&#8243; align_horizontal=&#8221;align_center&#8221; gutter_size=&#8221;3&#8243; overlay_alpha=&#8221;20&#8243; shift_x=&#8221;0&#8243; shift_y=&#8221;0&#8243; shift_y_down=&#8221;0&#8243; z_index=&#8221;0&#8243; medium_width=&#8221;0&#8243; mobile_width=&#8221;0&#8243; width=&#8221;1\/1&#8243; uncode_shortcode_id=&#8221;940421&#8243;][vc_custom_heading text_color=&#8221;color-xsdn&#8221; text_size=&#8221;fontsize-155944&#8243; uncode_shortcode_id=&#8221;187217&#8243; text_color_type=&#8221;uncode-palette&#8221;][\/vc_custom_heading][\/vc_column][\/vc_row][vc_row unlock_row=&#8221;&#8221; row_height_percent=&#8221;0&#8243; override_padding=&#8221;yes&#8221; h_padding=&#8221;0&#8243; top_padding=&#8221;2&#8243; bottom_padding=&#8221;0&#8243; overlay_alpha=&#8221;100&#8243; gutter_size=&#8221;100&#8243; column_width_percent=&#8221;100&#8243; shift_y=&#8221;0&#8243; z_index=&#8221;0&#8243; style=&#8221;inherited&#8221; uncode_shortcode_id=&#8221;506799&#8243;][vc_column width=&#8221;1\/1&#8243;][vc_custom_heading text_size=&#8221;fontsize-155944&#8243; uncode_shortcode_id=&#8221;129459&#8243; text_color_type=&#8221;uncode-solid&#8221; text_color_solid=&#8221;#21000b&#8221;]Mannerheimintie 103[\/vc_custom_heading][vc_separator sep_color=&#8221;,Default&#8221;][vc_column_text uncode_shortcode_id=&#8221;406993&#8243;]Welcome to explore the soon-to-be-completed Niemcowork office hotel at Mannerheimintie 103, offering a modern and inspiring environment for your business. This space is not only located in a prime spot in Helsinki&#8217;s bustling business district but also includes all essential services to ensure a smooth and efficient daily operation for your company.[\/vc_column_text][vc_button border_width=&#8221;0&#8243; button_color_type=&#8221;uncode-solid&#8221; uncode_shortcode_id=&#8221;102199&#8243; button_color_solid=&#8221;#21000b&#8221; link=&#8221;url:https%3A%2F%2Ftoimitilat.kauppalehti.fi%2FDescription%2F248021374&#8243;]SEE AVAILABLE SPACES[\/vc_button][\/vc_column][\/vc_row][vc_row][vc_column width=&#8221;1\/2&#8243;][vc_custom_heading uncode_shortcode_id=&#8221;195301&#8243;]<\/p>\n<div class=\"flex-shrink-0 flex flex-col relative items-end\">\n<div>\n<div class=\"pt-0\">\n<div class=\"gizmo-bot-avatar flex h-8 w-8 items-center justify-center overflow-hidden rounded-full\">\n<div class=\"relative p-1 rounded-sm flex items-center justify-center bg-token-main-surface-primary text-token-text-primary h-8 w-8\">The services at Mannerheimintie 103 include:<\/div>\n<\/div>\n<\/div>\n<\/div>\n<\/div>\n<p>[\/vc_custom_heading][uncode_list icon=&#8221;fa fa-check2&#8243; uncode_shortcode_id=&#8221;187774&#8243; icon_color_type=&#8221;uncode-solid&#8221; icon_color_solid=&#8221;#21000b&#8221;]<\/p>\n<ul>\n<li>Lobby service<\/li>\n<li>Internet connection<\/li>\n<li>Cleaning<\/li>\n<li>Mail services<\/li>\n<li>Electricity<\/li>\n<li>Furniture<\/li>\n<li>Restaurant<\/li>\n<li>Parking<\/li>\n<li>Coffee<\/li>\n<li>Copier<\/li>\n<li>Meeting rooms<\/li>\n<\/ul>\n<p>[\/uncode_list][\/vc_column][vc_column width=&#8221;1\/2&#8243;][vc_gallery el_id=&#8221;gallery-199036&#8243; gutter_size=&#8221;3&#8243; screen_lg=&#8221;1000&#8243; screen_md=&#8221;600&#8243; screen_sm=&#8221;480&#8243; images_size=&#8221;five-four&#8221; single_overlay_opacity=&#8221;50&#8243; single_padding=&#8221;2&#8243; uncode_shortcode_id=&#8221;128807&#8243;][\/vc_column][\/vc_row][vc_row][vc_column width=&#8221;1\/2&#8243;][vc_custom_heading uncode_shortcode_id=&#8221;210625&#8243;]Contact person:[\/vc_custom_heading][vc_gallery el_id=&#8221;gallery-213646&#8243; isotope_mode=&#8221;fitRows&#8221; medias=&#8221;101755&#8243; gutter_size=&#8221;3&#8243; media_items=&#8221;media|lightbox|original&#8221; screen_lg=&#8221;1000&#8243; screen_md=&#8221;600&#8243; screen_sm=&#8221;480&#8243; single_overlay_opacity=&#8221;50&#8243; single_overlay_anim=&#8221;no&#8221; single_text_anim=&#8221;no&#8221; single_image_anim=&#8221;no&#8221; single_padding=&#8221;2&#8243; uncode_shortcode_id=&#8221;784237&#8243; title=&#8221; Property Coordinator&#8221; items=&#8221;eyIxMDA5NzZfaSI6eyJzaW5nbGVfYmFja19jb2xvciI6IiIsInNpbmdsZV90ZXh0IjoidW5kZXIiLCJzaW5nbGVfd2lkdGgiOiIxNSIsImltYWdlc19zaXplIjoiIiwic2luZ2xlX2hfYWxpZ24iOiJsZWZ0In19&#8243;][vc_column_text uncode_shortcode_id=&#8221;166688&#8243;]Niko J\u00e4rvinen<br \/>\n<a class=\"iheu-fade-up iheu-button\" href=\"tel:+358400650991\">+358 50 408 5233<\/a><br \/>\nniko.jarvinen@niemco.fi[\/vc_column_text][\/vc_column][vc_column width=&#8221;1\/2&#8243;][vc_custom_heading uncode_shortcode_id=&#8221;279114&#8243;]Contact us[\/vc_custom_heading]\n<div class=\"wpcf7 no-js\" id=\"wpcf7-f102259-o1\" lang=\"en-US\" dir=\"ltr\" data-wpcf7-id=\"102259\">\n<div class=\"screen-reader-response\"><p role=\"status\" aria-live=\"polite\" aria-atomic=\"true\"><\/p> <ul><\/ul><\/div>\n<form action=\"\/en\/wp-json\/wp\/v2\/pages\/102750#wpcf7-f102259-o1\" method=\"post\" class=\"wpcf7-form init\" aria-label=\"Contact form\" novalidate=\"novalidate\" data-status=\"init\">\n<fieldset class=\"hidden-fields-container\"><input type=\"hidden\" name=\"_wpcf7\" value=\"102259\" \/><input type=\"hidden\" name=\"_wpcf7_version\" value=\"6.1.5\" \/><input type=\"hidden\" name=\"_wpcf7_locale\" value=\"en_US\" \/><input type=\"hidden\" name=\"_wpcf7_unit_tag\" value=\"wpcf7-f102259-o1\" \/><input type=\"hidden\" name=\"_wpcf7_container_post\" value=\"0\" \/><input type=\"hidden\" name=\"_wpcf7_posted_data_hash\" value=\"\" \/><input type=\"hidden\" name=\"_wpcf7_recaptcha_response\" value=\"\" \/>\n<\/fieldset>\n<div class=\"wpcf7-inline-wrapper\">\n\t<p class=\"wpcf7-inline-field\"><span class=\"wpcf7-form-control-wrap\" data-name=\"your-firstname\"><input size=\"40\" maxlength=\"400\" class=\"wpcf7-form-control wpcf7-text wpcf7-validates-as-required\" aria-required=\"true\" aria-invalid=\"false\" placeholder=\"Name\" value=\"\" type=\"text\" name=\"your-firstname\" \/><\/span>\n\t<\/p>\n\t<p class=\"wpcf7-inline-field\"><span class=\"wpcf7-form-control-wrap\" data-name=\"your-email\"><input size=\"40\" maxlength=\"400\" class=\"wpcf7-form-control wpcf7-email wpcf7-validates-as-required wpcf7-text wpcf7-validates-as-email\" aria-required=\"true\" aria-invalid=\"false\" placeholder=\"Email\" value=\"\" type=\"email\" name=\"your-email\" \/><\/span>\n\t<\/p>\n<\/div>\n<p><span class=\"wpcf7-form-control-wrap\" data-name=\"your-message\"><textarea cols=\"40\" rows=\"5\" maxlength=\"2000\" class=\"wpcf7-form-control wpcf7-textarea\" aria-invalid=\"false\" placeholder=\"Message\" name=\"your-message\"><\/textarea><\/span>\n<\/p>\n<p><input class=\"wpcf7-form-control wpcf7-submit has-spinner btn btn-accent btn-flat btn-lg btn-block btn-inherit\" type=\"submit\" value=\"Send\" \/>\n<\/p><p style=\"display: none !important;\" class=\"akismet-fields-container\" data-prefix=\"_wpcf7_ak_\"><label>&#916;<textarea name=\"_wpcf7_ak_hp_textarea\" cols=\"45\" rows=\"8\" maxlength=\"100\"><\/textarea><\/label><input type=\"hidden\" id=\"ak_js_1\" name=\"_wpcf7_ak_js\" value=\"128\"\/><script>document.getElementById( \"ak_js_1\" ).setAttribute( \"value\", ( new Date() ).getTime() );<\/script><\/p><div class=\"wpcf7-response-output\" aria-hidden=\"true\"><\/div>\n<\/form>\n<\/div>\n[\/vc_column][\/vc_row][vc_row][vc_column width=&#8221;1\/1&#8243;][vc_gmaps map_color=&#8221;&#8221; ui_color=&#8221;&#8221; zoom=&#8221;14&#8243; map_saturation=&#8221;-20&#8243; map_brightness=&#8221;5&#8243; uncode_shortcode_id=&#8221;213989&#8243; latlon=&#8221;60.2160201,24.8671654&#8243; address=&#8221;Mannerheimintie 103a, 00280 Helsinki&#8221; size=&#8221;400&#8243;][\/vc_column][\/vc_row]<\/p>\n<\/div>","protected":false},"excerpt":{"rendered":"<p>Create handly lists that allow you to group your set of related items and customize them selecting over 900 icons with custom colors.<\/p>\n","protected":false},"author":3,"featured_media":102744,"parent":0,"menu_order":0,"comment_status":"open","ping_status":"open","template":"","meta":{"footnotes":""},"class_list":["post-102750","page","type-page","status-publish","has-post-thumbnail","hentry"],"yoast_head":"<!-- This site is optimized with the Yoast SEO Premium plugin v23.8 (Yoast SEO v27.3) - https:\/\/yoast.com\/product\/yoast-seo-premium-wordpress\/ -->\n<title>Office hotel  Mannerheimintie 103 - Business Park - NiemcoWork<\/title>\n<meta name=\"description\" content=\"Kutomo Business Park Pit\u00e4j\u00e4nm\u00e4ell\u00e4 tarjoaa loistatvan hinta-laatusuhteen, kun etsit ty\u00f6tilaa Helsingiss\u00e4. Lue lis\u00e4\u00e4.\" \/>\n<meta name=\"robots\" content=\"index, follow, max-snippet:-1, max-image-preview:large, max-video-preview:-1\" \/>\n<link rel=\"canonical\" href=\"https:\/\/niemcowork.fi\/en\/mannerheimintie103\/\" \/>\n<meta property=\"og:locale\" content=\"en_US\" \/>\n<meta property=\"og:type\" content=\"article\" \/>\n<meta property=\"og:title\" content=\"Office hotel  Mannerheimintie 103\" \/>\n<meta property=\"og:description\" content=\"Kutomo Business Park Pit\u00e4j\u00e4nm\u00e4ell\u00e4 tarjoaa loistatvan hinta-laatusuhteen, kun etsit ty\u00f6tilaa Helsingiss\u00e4. Lue lis\u00e4\u00e4.\" \/>\n<meta property=\"og:url\" content=\"https:\/\/niemcowork.fi\/en\/mannerheimintie103\/\" \/>\n<meta property=\"og:site_name\" content=\"niemcowork.fi\" \/>\n<meta property=\"article:modified_time\" content=\"2026-02-09T07:54:44+00:00\" \/>\n<meta property=\"og:image\" content=\"https:\/\/niemcowork.fi\/wp-content\/uploads\/2024\/11\/mansku103.webp\" \/>\n\t<meta property=\"og:image:width\" content=\"1200\" \/>\n\t<meta property=\"og:image:height\" content=\"678\" \/>\n\t<meta property=\"og:image:type\" content=\"image\/webp\" \/>\n<meta name=\"twitter:card\" content=\"summary_large_image\" \/>\n<meta name=\"twitter:label1\" content=\"Est. reading time\" \/>\n\t<meta name=\"twitter:data1\" content=\"2 minutes\" \/>\n<script type=\"application\/ld+json\" class=\"yoast-schema-graph\">{\"@context\":\"https:\\\/\\\/schema.org\",\"@graph\":[{\"@type\":\"WebPage\",\"@id\":\"https:\\\/\\\/niemcowork.fi\\\/en\\\/mannerheimintie103\\\/\",\"url\":\"https:\\\/\\\/niemcowork.fi\\\/en\\\/mannerheimintie103\\\/\",\"name\":\"Office hotel Mannerheimintie 103 - Business Park - NiemcoWork\",\"isPartOf\":{\"@id\":\"https:\\\/\\\/niemcowork.fi\\\/#website\"},\"primaryImageOfPage\":{\"@id\":\"https:\\\/\\\/niemcowork.fi\\\/en\\\/mannerheimintie103\\\/#primaryimage\"},\"image\":{\"@id\":\"https:\\\/\\\/niemcowork.fi\\\/en\\\/mannerheimintie103\\\/#primaryimage\"},\"thumbnailUrl\":\"https:\\\/\\\/niemcowork.fi\\\/wp-content\\\/uploads\\\/2024\\\/11\\\/mansku103.webp\",\"datePublished\":\"2014-11-04T08:47:14+00:00\",\"dateModified\":\"2026-02-09T07:54:44+00:00\",\"description\":\"Kutomo Business Park Pit\u00e4j\u00e4nm\u00e4ell\u00e4 tarjoaa loistatvan hinta-laatusuhteen, kun etsit ty\u00f6tilaa Helsingiss\u00e4. Lue lis\u00e4\u00e4.\",\"breadcrumb\":{\"@id\":\"https:\\\/\\\/niemcowork.fi\\\/en\\\/mannerheimintie103\\\/#breadcrumb\"},\"inLanguage\":\"en-US\",\"potentialAction\":[{\"@type\":\"ReadAction\",\"target\":[\"https:\\\/\\\/niemcowork.fi\\\/en\\\/mannerheimintie103\\\/\"]}]},{\"@type\":\"ImageObject\",\"inLanguage\":\"en-US\",\"@id\":\"https:\\\/\\\/niemcowork.fi\\\/en\\\/mannerheimintie103\\\/#primaryimage\",\"url\":\"https:\\\/\\\/niemcowork.fi\\\/wp-content\\\/uploads\\\/2024\\\/11\\\/mansku103.webp\",\"contentUrl\":\"https:\\\/\\\/niemcowork.fi\\\/wp-content\\\/uploads\\\/2024\\\/11\\\/mansku103.webp\",\"width\":1200,\"height\":678},{\"@type\":\"BreadcrumbList\",\"@id\":\"https:\\\/\\\/niemcowork.fi\\\/en\\\/mannerheimintie103\\\/#breadcrumb\",\"itemListElement\":[{\"@type\":\"ListItem\",\"position\":1,\"name\":\"Home\",\"item\":\"https:\\\/\\\/niemcowork.fi\\\/en\\\/\"},{\"@type\":\"ListItem\",\"position\":2,\"name\":\"Office hotel Mannerheimintie 103\"}]},{\"@type\":\"WebSite\",\"@id\":\"https:\\\/\\\/niemcowork.fi\\\/#website\",\"url\":\"https:\\\/\\\/niemcowork.fi\\\/\",\"name\":\"niemcowork.fi\",\"description\":\"Space for success\",\"potentialAction\":[{\"@type\":\"SearchAction\",\"target\":{\"@type\":\"EntryPoint\",\"urlTemplate\":\"https:\\\/\\\/niemcowork.fi\\\/?s={search_term_string}\"},\"query-input\":{\"@type\":\"PropertyValueSpecification\",\"valueRequired\":true,\"valueName\":\"search_term_string\"}}],\"inLanguage\":\"en-US\"}]}<\/script>\n<!-- \/ Yoast SEO Premium plugin. -->","yoast_head_json":{"title":"Office hotel  Mannerheimintie 103 - Business Park - NiemcoWork","description":"Kutomo Business Park Pit\u00e4j\u00e4nm\u00e4ell\u00e4 tarjoaa loistatvan hinta-laatusuhteen, kun etsit ty\u00f6tilaa Helsingiss\u00e4. Lue lis\u00e4\u00e4.","robots":{"index":"index","follow":"follow","max-snippet":"max-snippet:-1","max-image-preview":"max-image-preview:large","max-video-preview":"max-video-preview:-1"},"canonical":"https:\/\/niemcowork.fi\/en\/mannerheimintie103\/","og_locale":"en_US","og_type":"article","og_title":"Office hotel  Mannerheimintie 103","og_description":"Kutomo Business Park Pit\u00e4j\u00e4nm\u00e4ell\u00e4 tarjoaa loistatvan hinta-laatusuhteen, kun etsit ty\u00f6tilaa Helsingiss\u00e4. Lue lis\u00e4\u00e4.","og_url":"https:\/\/niemcowork.fi\/en\/mannerheimintie103\/","og_site_name":"niemcowork.fi","article_modified_time":"2026-02-09T07:54:44+00:00","og_image":[{"width":1200,"height":678,"url":"https:\/\/niemcowork.fi\/wp-content\/uploads\/2024\/11\/mansku103.webp","type":"image\/webp"}],"twitter_card":"summary_large_image","twitter_misc":{"Est. reading time":"2 minutes"},"schema":{"@context":"https:\/\/schema.org","@graph":[{"@type":"WebPage","@id":"https:\/\/niemcowork.fi\/en\/mannerheimintie103\/","url":"https:\/\/niemcowork.fi\/en\/mannerheimintie103\/","name":"Office hotel Mannerheimintie 103 - Business Park - NiemcoWork","isPartOf":{"@id":"https:\/\/niemcowork.fi\/#website"},"primaryImageOfPage":{"@id":"https:\/\/niemcowork.fi\/en\/mannerheimintie103\/#primaryimage"},"image":{"@id":"https:\/\/niemcowork.fi\/en\/mannerheimintie103\/#primaryimage"},"thumbnailUrl":"https:\/\/niemcowork.fi\/wp-content\/uploads\/2024\/11\/mansku103.webp","datePublished":"2014-11-04T08:47:14+00:00","dateModified":"2026-02-09T07:54:44+00:00","description":"Kutomo Business Park Pit\u00e4j\u00e4nm\u00e4ell\u00e4 tarjoaa loistatvan hinta-laatusuhteen, kun etsit ty\u00f6tilaa Helsingiss\u00e4. Lue lis\u00e4\u00e4.","breadcrumb":{"@id":"https:\/\/niemcowork.fi\/en\/mannerheimintie103\/#breadcrumb"},"inLanguage":"en-US","potentialAction":[{"@type":"ReadAction","target":["https:\/\/niemcowork.fi\/en\/mannerheimintie103\/"]}]},{"@type":"ImageObject","inLanguage":"en-US","@id":"https:\/\/niemcowork.fi\/en\/mannerheimintie103\/#primaryimage","url":"https:\/\/niemcowork.fi\/wp-content\/uploads\/2024\/11\/mansku103.webp","contentUrl":"https:\/\/niemcowork.fi\/wp-content\/uploads\/2024\/11\/mansku103.webp","width":1200,"height":678},{"@type":"BreadcrumbList","@id":"https:\/\/niemcowork.fi\/en\/mannerheimintie103\/#breadcrumb","itemListElement":[{"@type":"ListItem","position":1,"name":"Home","item":"https:\/\/niemcowork.fi\/en\/"},{"@type":"ListItem","position":2,"name":"Office hotel Mannerheimintie 103"}]},{"@type":"WebSite","@id":"https:\/\/niemcowork.fi\/#website","url":"https:\/\/niemcowork.fi\/","name":"niemcowork.fi","description":"Space for success","potentialAction":[{"@type":"SearchAction","target":{"@type":"EntryPoint","urlTemplate":"https:\/\/niemcowork.fi\/?s={search_term_string}"},"query-input":{"@type":"PropertyValueSpecification","valueRequired":true,"valueName":"search_term_string"}}],"inLanguage":"en-US"}]}},"_links":{"self":[{"href":"https:\/\/niemcowork.fi\/en\/wp-json\/wp\/v2\/pages\/102750","targetHints":{"allow":["GET"]}}],"collection":[{"href":"https:\/\/niemcowork.fi\/en\/wp-json\/wp\/v2\/pages"}],"about":[{"href":"https:\/\/niemcowork.fi\/en\/wp-json\/wp\/v2\/types\/page"}],"author":[{"embeddable":true,"href":"https:\/\/niemcowork.fi\/en\/wp-json\/wp\/v2\/users\/3"}],"replies":[{"embeddable":true,"href":"https:\/\/niemcowork.fi\/en\/wp-json\/wp\/v2\/comments?post=102750"}],"version-history":[{"count":6,"href":"https:\/\/niemcowork.fi\/en\/wp-json\/wp\/v2\/pages\/102750\/revisions"}],"predecessor-version":[{"id":103069,"href":"https:\/\/niemcowork.fi\/en\/wp-json\/wp\/v2\/pages\/102750\/revisions\/103069"}],"wp:featuredmedia":[{"embeddable":true,"href":"https:\/\/niemcowork.fi\/en\/wp-json\/wp\/v2\/media\/102744"}],"wp:attachment":[{"href":"https:\/\/niemcowork.fi\/en\/wp-json\/wp\/v2\/media?parent=102750"}],"curies":[{"name":"wp","href":"https:\/\/api.w.org\/{rel}","templated":true}]}}