{"id":101317,"date":"2014-11-04T10:47:14","date_gmt":"2014-11-04T08:47:14","guid":{"rendered":"https:\/\/qmea.fi\/sites\/niemcowork\/our-office-spaces\/hameentie\/"},"modified":"2022-03-30T23:51:51","modified_gmt":"2022-03-30T21:51:51","slug":"hameentie","status":"publish","type":"page","link":"https:\/\/niemcowork.fi\/en\/locations\/hameentie\/","title":{"rendered":"Office space <br \/>H\u00e4meentie"},"content":{"rendered":"<div class=\"wpb-content-wrapper\"><p>[vc_row unlock_row_content=&#8221;yes&#8221; row_height_percent=&#8221;0&#8243; back_image=&#8221;101095&#8243; overlay_color=&#8221;color-jevc&#8221; overlay_alpha=&#8221;27&#8243; gutter_size=&#8221;3&#8243; column_width_percent=&#8221;100&#8243; shift_y=&#8221;0&#8243; z_index=&#8221;0&#8243; uncode_shortcode_id=&#8221;190068&#8243; overlay_color_type=&#8221;uncode-palette&#8221;][vc_column column_width_percent=&#8221;100&#8243; align_horizontal=&#8221;align_center&#8221; gutter_size=&#8221;3&#8243; overlay_alpha=&#8221;20&#8243; shift_x=&#8221;0&#8243; shift_y=&#8221;0&#8243; shift_y_down=&#8221;0&#8243; z_index=&#8221;0&#8243; medium_width=&#8221;0&#8243; mobile_width=&#8221;0&#8243; width=&#8221;1\/1&#8243; uncode_shortcode_id=&#8221;940421&#8243;][vc_custom_heading text_color=&#8221;color-xsdn&#8221; text_size=&#8221;fontsize-155944&#8243; uncode_shortcode_id=&#8221;686933&#8243; text_color_type=&#8221;uncode-palette&#8221;]<span style=\"font-weight: 400;\">H\u00e4meentie 29<\/span>[\/vc_custom_heading][\/vc_column][\/vc_row][vc_row unlock_row=&#8221;&#8221; row_height_percent=&#8221;0&#8243; override_padding=&#8221;yes&#8221; h_padding=&#8221;0&#8243; top_padding=&#8221;2&#8243; bottom_padding=&#8221;0&#8243; overlay_alpha=&#8221;100&#8243; gutter_size=&#8221;100&#8243; column_width_percent=&#8221;100&#8243; shift_y=&#8221;0&#8243; z_index=&#8221;0&#8243; style=&#8221;inherited&#8221; uncode_shortcode_id=&#8221;506799&#8243;][vc_column width=&#8221;1\/1&#8243;][vc_custom_heading text_size=&#8221;fontsize-155944&#8243; text_weight=&#8221;600&#8243; uncode_shortcode_id=&#8221;161129&#8243; text_color_type=&#8221;uncode-solid&#8221; text_color_solid=&#8221;#911d08&#8243;]<span style=\"font-weight: 400;\">H\u00e4meentie 29<\/span>[\/vc_custom_heading][vc_separator sep_color=&#8221;,Default&#8221;][vc_column_text uncode_shortcode_id=&#8221;486755&#8243;]H\u00e4meentie 29 is located in a central location right on top of the S\u00f6rn\u00e4inen metro station.<br \/>\nH\u00e4meentie&#8217;s customers are served by a caf\u00e9 and a restaurant, and the NiemcoWork office hotel offers high-quality small office spaces even furnished directly for the customer\u2019s needs![\/vc_column_text][vc_button border_width=&#8221;0&#8243; button_color_type=&#8221;uncode-solid&#8221; uncode_shortcode_id=&#8221;633813&#8243; button_color_solid=&#8221;#911d08&#8243; link=&#8221;url:https%3A%2F%2Ftoimitilat.oikotie.fi%2Fvuokrattavat-toimitilat%2Fhelsinki%2F15355146&#8243;]See available spaces[\/vc_button][\/vc_column][\/vc_row][vc_row][vc_column width=&#8221;1\/2&#8243;][vc_custom_heading uncode_shortcode_id=&#8221;167927&#8243;]H\u00e4meentie services includes:[\/vc_custom_heading][uncode_list icon=&#8221;fa fa-check2&#8243; uncode_shortcode_id=&#8221;204722&#8243; icon_color_type=&#8221;uncode-solid&#8221; icon_color_solid=&#8221;#911d08&#8243;]<\/p>\n<ul>\n<li>Virtual office<\/li>\n<li><span style=\"font-weight: 400;\">Internet access<\/span><\/li>\n<li><span style=\"font-weight: 400;\">Cleaning<\/span><\/li>\n<li><span style=\"font-weight: 400;\">Mailboxes on floors<\/span><\/li>\n<li><span style=\"font-weight: 400;\">Electricity<\/span><\/li>\n<li><span style=\"font-weight: 400;\">Furniture<\/span><\/li>\n<li><span style=\"font-weight: 400;\">Parking<\/span><\/li>\n<li><span style=\"font-weight: 400;\">Meeting rooms<\/span><\/li>\n<\/ul>\n<p>[\/uncode_list][\/vc_column][vc_column width=&#8221;1\/2&#8243;][vc_gallery el_id=&#8221;gallery-199036&#8243; medias=&#8221;100897,101095,101094,101093&#8243; gutter_size=&#8221;3&#8243; screen_lg=&#8221;1000&#8243; screen_md=&#8221;600&#8243; screen_sm=&#8221;480&#8243; images_size=&#8221;five-four&#8221; single_overlay_opacity=&#8221;50&#8243; single_padding=&#8221;2&#8243; uncode_shortcode_id=&#8221;141482&#8243;][\/vc_column][\/vc_row][vc_row][vc_column width=&#8221;1\/2&#8243;][vc_custom_heading uncode_shortcode_id=&#8221;178885&#8243;]Contact person[\/vc_custom_heading][vc_gallery el_id=&#8221;gallery-213646&#8243; isotope_mode=&#8221;fitRows&#8221; medias=&#8221;101755&#8243; gutter_size=&#8221;3&#8243; media_items=&#8221;media|lightbox|original&#8221; screen_lg=&#8221;1000&#8243; screen_md=&#8221;600&#8243; screen_sm=&#8221;480&#8243; single_overlay_opacity=&#8221;50&#8243; single_overlay_anim=&#8221;no&#8221; single_text_anim=&#8221;no&#8221; single_image_anim=&#8221;no&#8221; single_padding=&#8221;2&#8243; uncode_shortcode_id=&#8221;169118&#8243; title=&#8221;Property Manager&#8221; items=&#8221;eyIxMDA5NzZfaSI6eyJzaW5nbGVfYmFja19jb2xvciI6IiIsInNpbmdsZV90ZXh0IjoidW5kZXIiLCJzaW5nbGVfd2lkdGgiOiIxNSIsImltYWdlc19zaXplIjoiIiwic2luZ2xlX2hfYWxpZ24iOiJsZWZ0In19&#8243;][vc_column_text uncode_shortcode_id=&#8221;180128&#8243;]<span style=\"font-weight: 400;\">Niko J\u00e4rvinen<\/span><br \/>\n<span style=\"font-weight: 400;\">+358 50 408 5233<\/span><br \/>\n<a href=\"mailto:niko.jarvinen@niemco.fi\"><span style=\"font-weight: 400;\">niko.jarvinen@niemco.fi<\/span><\/a>[\/vc_column_text][\/vc_column][vc_column width=&#8221;1\/2&#8243;][vc_custom_heading uncode_shortcode_id=&#8221;196717&#8243;]Contact us[\/vc_custom_heading]\n<div class=\"wpcf7 no-js\" id=\"wpcf7-f102259-o1\" lang=\"en-US\" dir=\"ltr\" data-wpcf7-id=\"102259\">\n<div class=\"screen-reader-response\"><p role=\"status\" aria-live=\"polite\" aria-atomic=\"true\"><\/p> <ul><\/ul><\/div>\n<form action=\"\/en\/wp-json\/wp\/v2\/pages\/101317#wpcf7-f102259-o1\" method=\"post\" class=\"wpcf7-form init\" aria-label=\"Contact form\" novalidate=\"novalidate\" data-status=\"init\">\n<fieldset class=\"hidden-fields-container\"><input type=\"hidden\" name=\"_wpcf7\" value=\"102259\" \/><input type=\"hidden\" name=\"_wpcf7_version\" value=\"6.1.5\" \/><input type=\"hidden\" name=\"_wpcf7_locale\" value=\"en_US\" \/><input type=\"hidden\" name=\"_wpcf7_unit_tag\" value=\"wpcf7-f102259-o1\" \/><input type=\"hidden\" name=\"_wpcf7_container_post\" value=\"0\" \/><input type=\"hidden\" name=\"_wpcf7_posted_data_hash\" value=\"\" \/><input type=\"hidden\" name=\"_wpcf7_recaptcha_response\" value=\"\" \/>\n<\/fieldset>\n<div class=\"wpcf7-inline-wrapper\">\n\t<p class=\"wpcf7-inline-field\"><span class=\"wpcf7-form-control-wrap\" data-name=\"your-firstname\"><input size=\"40\" maxlength=\"400\" class=\"wpcf7-form-control wpcf7-text wpcf7-validates-as-required\" aria-required=\"true\" aria-invalid=\"false\" placeholder=\"Name\" value=\"\" type=\"text\" name=\"your-firstname\" \/><\/span>\n\t<\/p>\n\t<p class=\"wpcf7-inline-field\"><span class=\"wpcf7-form-control-wrap\" data-name=\"your-email\"><input size=\"40\" maxlength=\"400\" class=\"wpcf7-form-control wpcf7-email wpcf7-validates-as-required wpcf7-text wpcf7-validates-as-email\" aria-required=\"true\" aria-invalid=\"false\" placeholder=\"Email\" value=\"\" type=\"email\" name=\"your-email\" \/><\/span>\n\t<\/p>\n<\/div>\n<p><span class=\"wpcf7-form-control-wrap\" data-name=\"your-message\"><textarea cols=\"40\" rows=\"5\" maxlength=\"2000\" class=\"wpcf7-form-control wpcf7-textarea\" aria-invalid=\"false\" placeholder=\"Message\" name=\"your-message\"><\/textarea><\/span>\n<\/p>\n<p><input class=\"wpcf7-form-control wpcf7-submit has-spinner btn btn-accent btn-flat btn-lg btn-block btn-inherit\" type=\"submit\" value=\"Send\" \/>\n<\/p><p style=\"display: none !important;\" class=\"akismet-fields-container\" data-prefix=\"_wpcf7_ak_\"><label>&#916;<textarea name=\"_wpcf7_ak_hp_textarea\" cols=\"45\" rows=\"8\" maxlength=\"100\"><\/textarea><\/label><input type=\"hidden\" id=\"ak_js_1\" name=\"_wpcf7_ak_js\" value=\"236\"\/><script>document.getElementById( \"ak_js_1\" ).setAttribute( \"value\", ( new Date() ).getTime() );<\/script><\/p><div class=\"wpcf7-response-output\" aria-hidden=\"true\"><\/div>\n<\/form>\n<\/div>\n[\/vc_column][\/vc_row][vc_row][vc_column width=&#8221;1\/1&#8243;][vc_gmaps map_color=&#8221;&#8221; ui_color=&#8221;&#8221; zoom=&#8221;14&#8243; map_saturation=&#8221;-20&#8243; map_brightness=&#8221;5&#8243; uncode_shortcode_id=&#8221;205001&#8243; latlon=&#8221;60.1874325, 24.9598405&#8243; size=&#8221;400&#8243; address=&#8221;H\u00e4meentie 29, 00500, Helsinki&#8221;][\/vc_column][\/vc_row]<\/p>\n<\/div>","protected":false},"excerpt":{"rendered":"<p>Create handly lists that allow you to group your set of related items and customize them selecting over 900 icons with custom colors.<\/p>\n","protected":false},"author":1,"featured_media":101318,"parent":101308,"menu_order":0,"comment_status":"open","ping_status":"open","template":"","meta":{"footnotes":""},"class_list":["post-101317","page","type-page","status-publish","has-post-thumbnail","hentry","page_category-kohde-en"],"yoast_head":"<!-- This site is optimized with the Yoast SEO Premium plugin v23.8 (Yoast SEO v27.4) - https:\/\/yoast.com\/product\/yoast-seo-premium-wordpress\/ -->\n<title>Office space H\u00e4meentie - niemcowork.fi<\/title>\n<meta name=\"robots\" content=\"index, follow, max-snippet:-1, max-image-preview:large, max-video-preview:-1\" \/>\n<link rel=\"canonical\" href=\"https:\/\/niemcowork.fi\/en\/locations\/hameentie\/\" \/>\n<meta property=\"og:locale\" content=\"en_US\" \/>\n<meta property=\"og:type\" content=\"article\" \/>\n<meta property=\"og:title\" content=\"Office space H\u00e4meentie\" \/>\n<meta property=\"og:description\" content=\"Create handly lists that allow you to group your set of related items and customize them selecting over 900 icons with custom colors.\" \/>\n<meta property=\"og:url\" content=\"https:\/\/niemcowork.fi\/en\/locations\/hameentie\/\" \/>\n<meta property=\"og:site_name\" content=\"niemcowork.fi\" \/>\n<meta property=\"article:modified_time\" content=\"2022-03-30T21:51:51+00:00\" \/>\n<meta property=\"og:image\" content=\"https:\/\/niemcowork.fi\/wp-content\/uploads\/2021\/12\/Niemco_tilakuvat_webres-20-hameentie.jpg\" \/>\n\t<meta property=\"og:image:width\" content=\"2400\" \/>\n\t<meta property=\"og:image:height\" content=\"1600\" \/>\n\t<meta property=\"og:image:type\" content=\"image\/jpeg\" \/>\n<meta name=\"twitter:card\" content=\"summary_large_image\" \/>\n<meta name=\"twitter:label1\" content=\"Est. reading time\" \/>\n\t<meta name=\"twitter:data1\" content=\"2 minutes\" \/>\n<script type=\"application\/ld+json\" class=\"yoast-schema-graph\">{\"@context\":\"https:\\\/\\\/schema.org\",\"@graph\":[{\"@type\":\"WebPage\",\"@id\":\"https:\\\/\\\/niemcowork.fi\\\/en\\\/locations\\\/hameentie\\\/\",\"url\":\"https:\\\/\\\/niemcowork.fi\\\/en\\\/locations\\\/hameentie\\\/\",\"name\":\"Office space H\u00e4meentie - niemcowork.fi\",\"isPartOf\":{\"@id\":\"https:\\\/\\\/niemcowork.fi\\\/#website\"},\"primaryImageOfPage\":{\"@id\":\"https:\\\/\\\/niemcowork.fi\\\/en\\\/locations\\\/hameentie\\\/#primaryimage\"},\"image\":{\"@id\":\"https:\\\/\\\/niemcowork.fi\\\/en\\\/locations\\\/hameentie\\\/#primaryimage\"},\"thumbnailUrl\":\"https:\\\/\\\/niemcowork.fi\\\/wp-content\\\/uploads\\\/2021\\\/12\\\/Niemco_tilakuvat_webres-20-hameentie.jpg\",\"datePublished\":\"2014-11-04T08:47:14+00:00\",\"dateModified\":\"2022-03-30T21:51:51+00:00\",\"breadcrumb\":{\"@id\":\"https:\\\/\\\/niemcowork.fi\\\/en\\\/locations\\\/hameentie\\\/#breadcrumb\"},\"inLanguage\":\"en-US\",\"potentialAction\":[{\"@type\":\"ReadAction\",\"target\":[\"https:\\\/\\\/niemcowork.fi\\\/en\\\/locations\\\/hameentie\\\/\"]}]},{\"@type\":\"ImageObject\",\"inLanguage\":\"en-US\",\"@id\":\"https:\\\/\\\/niemcowork.fi\\\/en\\\/locations\\\/hameentie\\\/#primaryimage\",\"url\":\"https:\\\/\\\/niemcowork.fi\\\/wp-content\\\/uploads\\\/2021\\\/12\\\/Niemco_tilakuvat_webres-20-hameentie.jpg\",\"contentUrl\":\"https:\\\/\\\/niemcowork.fi\\\/wp-content\\\/uploads\\\/2021\\\/12\\\/Niemco_tilakuvat_webres-20-hameentie.jpg\",\"width\":2400,\"height\":1600},{\"@type\":\"BreadcrumbList\",\"@id\":\"https:\\\/\\\/niemcowork.fi\\\/en\\\/locations\\\/hameentie\\\/#breadcrumb\",\"itemListElement\":[{\"@type\":\"ListItem\",\"position\":1,\"name\":\"Home\",\"item\":\"https:\\\/\\\/niemcowork.fi\\\/en\\\/\"},{\"@type\":\"ListItem\",\"position\":2,\"name\":\"LOCATIONS\",\"item\":\"https:\\\/\\\/niemcowork.fi\\\/en\\\/locations\\\/\"},{\"@type\":\"ListItem\",\"position\":3,\"name\":\"Office space H\u00e4meentie\"}]},{\"@type\":\"WebSite\",\"@id\":\"https:\\\/\\\/niemcowork.fi\\\/#website\",\"url\":\"https:\\\/\\\/niemcowork.fi\\\/\",\"name\":\"niemcowork.fi\",\"description\":\"Space for success\",\"potentialAction\":[{\"@type\":\"SearchAction\",\"target\":{\"@type\":\"EntryPoint\",\"urlTemplate\":\"https:\\\/\\\/niemcowork.fi\\\/?s={search_term_string}\"},\"query-input\":{\"@type\":\"PropertyValueSpecification\",\"valueRequired\":true,\"valueName\":\"search_term_string\"}}],\"inLanguage\":\"en-US\"}]}<\/script>\n<!-- \/ Yoast SEO Premium plugin. -->","yoast_head_json":{"title":"Office space H\u00e4meentie - niemcowork.fi","robots":{"index":"index","follow":"follow","max-snippet":"max-snippet:-1","max-image-preview":"max-image-preview:large","max-video-preview":"max-video-preview:-1"},"canonical":"https:\/\/niemcowork.fi\/en\/locations\/hameentie\/","og_locale":"en_US","og_type":"article","og_title":"Office space H\u00e4meentie","og_description":"Create handly lists that allow you to group your set of related items and customize them selecting over 900 icons with custom colors.","og_url":"https:\/\/niemcowork.fi\/en\/locations\/hameentie\/","og_site_name":"niemcowork.fi","article_modified_time":"2022-03-30T21:51:51+00:00","og_image":[{"width":2400,"height":1600,"url":"https:\/\/niemcowork.fi\/wp-content\/uploads\/2021\/12\/Niemco_tilakuvat_webres-20-hameentie.jpg","type":"image\/jpeg"}],"twitter_card":"summary_large_image","twitter_misc":{"Est. reading time":"2 minutes"},"schema":{"@context":"https:\/\/schema.org","@graph":[{"@type":"WebPage","@id":"https:\/\/niemcowork.fi\/en\/locations\/hameentie\/","url":"https:\/\/niemcowork.fi\/en\/locations\/hameentie\/","name":"Office space H\u00e4meentie - niemcowork.fi","isPartOf":{"@id":"https:\/\/niemcowork.fi\/#website"},"primaryImageOfPage":{"@id":"https:\/\/niemcowork.fi\/en\/locations\/hameentie\/#primaryimage"},"image":{"@id":"https:\/\/niemcowork.fi\/en\/locations\/hameentie\/#primaryimage"},"thumbnailUrl":"https:\/\/niemcowork.fi\/wp-content\/uploads\/2021\/12\/Niemco_tilakuvat_webres-20-hameentie.jpg","datePublished":"2014-11-04T08:47:14+00:00","dateModified":"2022-03-30T21:51:51+00:00","breadcrumb":{"@id":"https:\/\/niemcowork.fi\/en\/locations\/hameentie\/#breadcrumb"},"inLanguage":"en-US","potentialAction":[{"@type":"ReadAction","target":["https:\/\/niemcowork.fi\/en\/locations\/hameentie\/"]}]},{"@type":"ImageObject","inLanguage":"en-US","@id":"https:\/\/niemcowork.fi\/en\/locations\/hameentie\/#primaryimage","url":"https:\/\/niemcowork.fi\/wp-content\/uploads\/2021\/12\/Niemco_tilakuvat_webres-20-hameentie.jpg","contentUrl":"https:\/\/niemcowork.fi\/wp-content\/uploads\/2021\/12\/Niemco_tilakuvat_webres-20-hameentie.jpg","width":2400,"height":1600},{"@type":"BreadcrumbList","@id":"https:\/\/niemcowork.fi\/en\/locations\/hameentie\/#breadcrumb","itemListElement":[{"@type":"ListItem","position":1,"name":"Home","item":"https:\/\/niemcowork.fi\/en\/"},{"@type":"ListItem","position":2,"name":"LOCATIONS","item":"https:\/\/niemcowork.fi\/en\/locations\/"},{"@type":"ListItem","position":3,"name":"Office space H\u00e4meentie"}]},{"@type":"WebSite","@id":"https:\/\/niemcowork.fi\/#website","url":"https:\/\/niemcowork.fi\/","name":"niemcowork.fi","description":"Space for success","potentialAction":[{"@type":"SearchAction","target":{"@type":"EntryPoint","urlTemplate":"https:\/\/niemcowork.fi\/?s={search_term_string}"},"query-input":{"@type":"PropertyValueSpecification","valueRequired":true,"valueName":"search_term_string"}}],"inLanguage":"en-US"}]}},"_links":{"self":[{"href":"https:\/\/niemcowork.fi\/en\/wp-json\/wp\/v2\/pages\/101317","targetHints":{"allow":["GET"]}}],"collection":[{"href":"https:\/\/niemcowork.fi\/en\/wp-json\/wp\/v2\/pages"}],"about":[{"href":"https:\/\/niemcowork.fi\/en\/wp-json\/wp\/v2\/types\/page"}],"author":[{"embeddable":true,"href":"https:\/\/niemcowork.fi\/en\/wp-json\/wp\/v2\/users\/1"}],"replies":[{"embeddable":true,"href":"https:\/\/niemcowork.fi\/en\/wp-json\/wp\/v2\/comments?post=101317"}],"version-history":[{"count":6,"href":"https:\/\/niemcowork.fi\/en\/wp-json\/wp\/v2\/pages\/101317\/revisions"}],"predecessor-version":[{"id":102325,"href":"https:\/\/niemcowork.fi\/en\/wp-json\/wp\/v2\/pages\/101317\/revisions\/102325"}],"up":[{"embeddable":true,"href":"https:\/\/niemcowork.fi\/en\/wp-json\/wp\/v2\/pages\/101308"}],"wp:featuredmedia":[{"embeddable":true,"href":"https:\/\/niemcowork.fi\/en\/wp-json\/wp\/v2\/media\/101318"}],"wp:attachment":[{"href":"https:\/\/niemcowork.fi\/en\/wp-json\/wp\/v2\/media?parent=101317"}],"curies":[{"name":"wp","href":"https:\/\/api.w.org\/{rel}","templated":true}]}}